{"id":936,"date":"2022-07-27T14:28:09","date_gmt":"2022-07-27T14:28:09","guid":{"rendered":"https:\/\/daysocorp.com\/?page_id=936"},"modified":"2022-08-19T20:55:38","modified_gmt":"2022-08-19T20:55:38","slug":"blog-dayso-corp","status":"publish","type":"page","link":"https:\/\/daysocorp.com\/web\/blog-dayso-corp\/","title":{"rendered":"Blog Dayso Corp."},"content":{"rendered":"<!--themify_builder_content-->\n<div id=\"themify_builder_content-936\" data-postid=\"936\" class=\"themify_builder_content themify_builder_content-936 themify_builder tf_clear\">\n    \t<!-- module_row -->\n\t<div  data-lazy=\"1\" class=\"module_row themify_builder_row tb_v0js18 tb_first tf_clearfix\">\n\t    \t\t<div class=\"row_inner col_align_top tf_box tf_w tf_rel\">\n\t\t\t<div  data-lazy=\"1\" class=\"module_column tb-column col-full first tb_umu918 tf_box\">\n\t\t\t    \t        <div class=\"tb-column-inner tf_box tf_w\">\n\t\t    <!-- module post -->\n<div  class=\"module module-post tb_b5to995 \">\n        <div  class=\"builder-posts-wrap loops-wrapper grid3 tf_clear tf_clearfix\" data-lazy=\"1\">\n\t\n<article id=\"post-1015\" class=\"post tf_clearfix post-1015 type-post status-publish format-standard has-post-thumbnail hentry category-blog has-post-title no-post-date has-post-category has-post-tag has-post-comment has-post-author \">\n\t\n\t\t\t\t<figure class=\"post-image tf_clearfix\">\n\t\t\t    \t\t\t\t\t\t\t\t<a href=\"https:\/\/daysocorp.com\/web\/blog\/el-secreto-de-tesla-en-cada-detalle-2-2\/\">\n\t\t\t\t\t\t\t\t<img loading=\"lazy\" decoding=\"async\" width=\"800\" height=\"418\" src=\"https:\/\/daysocorp.com\/web\/wp-content\/uploads\/2022\/09\/muelle2.png\" class=\"wp-post-image wp-image-1017\" title=\"muelle2\" alt=\"muelle2\" srcset=\"https:\/\/daysocorp.com\/web\/wp-content\/uploads\/2022\/09\/muelle2.png 800w, https:\/\/daysocorp.com\/web\/wp-content\/uploads\/2022\/09\/muelle2-300x157.png 300w, https:\/\/daysocorp.com\/web\/wp-content\/uploads\/2022\/09\/muelle2-768x401.png 768w\" sizes=\"auto, (max-width: 800px) 100vw, 800px\" \/>\t\t\t\t\t\t\t\t    \t\t\t\t<\/a>\n\t\t\t\t\t\t\t    \t\t\t<\/figure>\n\t\t\t\n\t<div class=\"post-content\">\n\t\t\n\t\t<h2 class=\"post-title entry-title\"><a href=\"https:\/\/daysocorp.com\/web\/blog\/el-secreto-de-tesla-en-cada-detalle-2-2\/\">Historia y aprendizaje del muelle mas largo del mundo<\/a><\/h2>\n\t\t\t\t\t<div class=\"entry-content\">\n\n        \n\t\t\t\t<p>En la ciudad de Progreso, en Yucat\u00e1n sobre el Golfo de M\u00e9xico se encuentra el muelle mas largo del mundo, llamado Muelle del Progreso. El que visto desde lejos se asemeja mas a un puente que a un puerto. Construido entre los a\u00f1os 1937 y 1941 fue ejecutado en hormig\u00f3n armado con refuerzos de varillas [&hellip;]<\/p>\n\t\t\n\t\t\n\t    \n\t<\/div><!-- \/.entry-content -->\n\t\n\t<\/div>\n\t<!-- \/.post-content -->\n\t\n<\/article>\n<!-- \/.post -->\n\n<article id=\"post-1003\" class=\"post tf_clearfix post-1003 type-post status-publish format-standard has-post-thumbnail hentry category-blog has-post-title no-post-date has-post-category has-post-tag has-post-comment has-post-author \">\n\t\n\t\t\t\t<figure class=\"post-image tf_clearfix\">\n\t\t\t    \t\t\t\t\t\t\t\t<a href=\"https:\/\/daysocorp.com\/web\/blog\/el-secreto-de-tesla-en-cada-detalle-2\/\">\n\t\t\t\t\t\t\t\t<img loading=\"lazy\" decoding=\"async\" width=\"720\" height=\"540\" src=\"https:\/\/daysocorp.com\/web\/wp-content\/uploads\/2022\/08\/379289-Large-exterior-view-from-the-monumental-tower_cleanup-1.jpg\" class=\"wp-post-image wp-image-1009\" title=\"379289-Large-exterior-view-from-the-monumental-tower_cleanup (1)\" alt=\"379289-Large-exterior-view-from-the-monumental-tower_cleanup (1)\" srcset=\"https:\/\/daysocorp.com\/web\/wp-content\/uploads\/2022\/08\/379289-Large-exterior-view-from-the-monumental-tower_cleanup-1.jpg 720w, https:\/\/daysocorp.com\/web\/wp-content\/uploads\/2022\/08\/379289-Large-exterior-view-from-the-monumental-tower_cleanup-1-300x225.jpg 300w\" sizes=\"auto, (max-width: 720px) 100vw, 720px\" \/>\t\t\t\t\t\t\t\t    \t\t\t\t<\/a>\n\t\t\t\t\t\t\t    \t\t\t<\/figure>\n\t\t\t\n\t<div class=\"post-content\">\n\t\t\n\t\t<h2 class=\"post-title entry-title\"><a href=\"https:\/\/daysocorp.com\/web\/blog\/el-secreto-de-tesla-en-cada-detalle-2\/\">Porque es critico realizar evaluaciones econ\u00f3micas de posibles impactos en cualquier tipo de Proyecto?<\/a><\/h2>\n\t\t\t\t\t<div class=\"entry-content\">\n\n        \n\t\t\t\t<p>Un simple ejemplo, la cadena de hoteles SHERATON, lo explica y nos lo hace ver en forma simple\u2026. Corr\u00eda el a\u00f1o 1992 y en Argentina su econom\u00eda sal\u00eda de una hiperinflaci\u00f3n y nac\u00eda el tiempo de la convertibilidad ( el peso val\u00eda igual al d\u00f3lar) y por esa raz\u00f3n el turismo comenz\u00f3 a fluir hacia [&hellip;]<\/p>\n\t\t\n\t\t\n\t    \n\t<\/div><!-- \/.entry-content -->\n\t\n\t<\/div>\n\t<!-- \/.post-content -->\n\t\n<\/article>\n<!-- \/.post -->\n\n<article id=\"post-945\" class=\"post tf_clearfix post-945 type-post status-publish format-standard has-post-thumbnail hentry category-blog has-post-title no-post-date has-post-category has-post-tag has-post-comment has-post-author \">\n\t\n\t\t\t\t<figure class=\"post-image tf_clearfix\">\n\t\t\t    \t\t\t\t\t\t\t\t<a href=\"https:\/\/daysocorp.com\/web\/blog\/el-secreto-de-tesla-en-cada-detalle\/\">\n\t\t\t\t\t\t\t\t<img loading=\"lazy\" decoding=\"async\" width=\"1200\" height=\"568\" src=\"https:\/\/daysocorp.com\/web\/wp-content\/uploads\/2022\/07\/Tesla.jpg\" class=\"wp-post-image wp-image-946\" title=\"Tesla\" alt=\"Tesla\" srcset=\"https:\/\/daysocorp.com\/web\/wp-content\/uploads\/2022\/07\/Tesla.jpg 1200w, https:\/\/daysocorp.com\/web\/wp-content\/uploads\/2022\/07\/Tesla-300x142.jpg 300w, https:\/\/daysocorp.com\/web\/wp-content\/uploads\/2022\/07\/Tesla-1024x485.jpg 1024w, https:\/\/daysocorp.com\/web\/wp-content\/uploads\/2022\/07\/Tesla-768x364.jpg 768w\" sizes=\"auto, (max-width: 1200px) 100vw, 1200px\" \/>\t\t\t\t\t\t\t\t    \t\t\t\t<\/a>\n\t\t\t\t\t\t\t    \t\t\t<\/figure>\n\t\t\t\n\t<div class=\"post-content\">\n\t\t\n\t\t<h2 class=\"post-title entry-title\"><a href=\"https:\/\/daysocorp.com\/web\/blog\/el-secreto-de-tesla-en-cada-detalle\/\">El secreto de TESLA en cada detalle<\/a><\/h2>\n\t\t\t\t\t<div class=\"entry-content\">\n\n        \n\t\t\t\t<p>TESLA se ha convertido en el principal fabricante de autos el\u00e9ctricos del mundo\u00a0y su f\u00e1brica en Shanghai, China es la mayor productora del mundo seguido por otras 2 fabricas chinas : la BYD (Buid Your Dreams) y BAIC Motors. Tesla Giga Shanghai entrego 70.602 unidades en diciembre de 2021, augurando la posibilidad de llegar a [&hellip;]<\/p>\n\t\t\n\t\t\n\t    \n\t<\/div><!-- \/.entry-content -->\n\t\n\t<\/div>\n\t<!-- \/.post-content -->\n\t\n<\/article>\n<!-- \/.post -->\n\n<article id=\"post-940\" class=\"post tf_clearfix post-940 type-post status-publish format-standard has-post-thumbnail hentry category-blog has-post-title no-post-date has-post-category has-post-tag has-post-comment has-post-author \">\n\t\n\t\t\t\t<figure class=\"post-image tf_clearfix\">\n\t\t\t    \t\t\t\t\t\t\t\t<a href=\"https:\/\/daysocorp.com\/web\/blog\/encontraron-microplasticos-en-la-sangre-humana-por-primera-vez\/\">\n\t\t\t\t\t\t\t\t<img loading=\"lazy\" decoding=\"async\" width=\"1200\" height=\"568\" src=\"https:\/\/daysocorp.com\/web\/wp-content\/uploads\/2022\/07\/Microplasticos.jpg\" class=\"wp-post-image wp-image-941\" title=\"Microplasticos\" alt=\"Microplasticos\" srcset=\"https:\/\/daysocorp.com\/web\/wp-content\/uploads\/2022\/07\/Microplasticos.jpg 1200w, https:\/\/daysocorp.com\/web\/wp-content\/uploads\/2022\/07\/Microplasticos-300x142.jpg 300w, https:\/\/daysocorp.com\/web\/wp-content\/uploads\/2022\/07\/Microplasticos-1024x485.jpg 1024w, https:\/\/daysocorp.com\/web\/wp-content\/uploads\/2022\/07\/Microplasticos-768x364.jpg 768w\" sizes=\"auto, (max-width: 1200px) 100vw, 1200px\" \/>\t\t\t\t\t\t\t\t    \t\t\t\t<\/a>\n\t\t\t\t\t\t\t    \t\t\t<\/figure>\n\t\t\t\n\t<div class=\"post-content\">\n\t\t\n\t\t<h2 class=\"post-title entry-title\"><a href=\"https:\/\/daysocorp.com\/web\/blog\/encontraron-microplasticos-en-la-sangre-humana-por-primera-vez\/\">Encontraron micropl\u00e1sticos en la sangre humana por primera vez<\/a><\/h2>\n\t\t\t\t\t<div class=\"entry-content\">\n\n        \n\t\t\t\t<p>Por primera vez,\u00a0se han encontrado micropl\u00e1sticos en la sangre humana, seg\u00fan una investigaci\u00f3n holandesa que encontr\u00f3 part\u00edculas diminutas en el 77% de los participantes de un estudio y\u00a0demuestra por primera vez que tambi\u00e9n pueden hallarse en el torrente sangu\u00edneo de personas.Las responsables de este trabajo son las investigadoras\u00a0Heather Leslie y Marja Lamoree,\u00a0de la Universidad Libre [&hellip;]<\/p>\n\t\t\n\t\t\n\t    \n\t<\/div><!-- \/.entry-content -->\n\t\n\t<\/div>\n\t<!-- \/.post-content -->\n\t\n<\/article>\n<!-- \/.post -->\n\n<article id=\"post-819\" class=\"post tf_clearfix post-819 type-post status-publish format-standard has-post-thumbnail hentry category-blog has-post-title no-post-date has-post-category has-post-tag has-post-comment has-post-author \">\n\t\n\t\t\t\t<figure class=\"post-image tf_clearfix\">\n\t\t\t    \t\t\t\t\t\t\t\t<a href=\"https:\/\/daysocorp.com\/web\/blog\/que-debemos-tener-en-cuenta-para-una-construccion-o-industria-saludable\/\">\n\t\t\t\t\t\t\t\t<img loading=\"lazy\" decoding=\"async\" width=\"1200\" height=\"568\" src=\"https:\/\/daysocorp.com\/web\/wp-content\/uploads\/2022\/05\/Que-debemos-tener-en-cuenta-1.jpg\" class=\"wp-post-image wp-image-825\" title=\"Que-debemos-tener-en-cuenta\" alt=\"Que-debemos-tener-en-cuenta\" srcset=\"https:\/\/daysocorp.com\/web\/wp-content\/uploads\/2022\/05\/Que-debemos-tener-en-cuenta-1.jpg 1200w, https:\/\/daysocorp.com\/web\/wp-content\/uploads\/2022\/05\/Que-debemos-tener-en-cuenta-1-300x142.jpg 300w, https:\/\/daysocorp.com\/web\/wp-content\/uploads\/2022\/05\/Que-debemos-tener-en-cuenta-1-1024x485.jpg 1024w, https:\/\/daysocorp.com\/web\/wp-content\/uploads\/2022\/05\/Que-debemos-tener-en-cuenta-1-768x364.jpg 768w\" sizes=\"auto, (max-width: 1200px) 100vw, 1200px\" \/>\t\t\t\t\t\t\t\t    \t\t\t\t<\/a>\n\t\t\t\t\t\t\t    \t\t\t<\/figure>\n\t\t\t\n\t<div class=\"post-content\">\n\t\t\n\t\t<h2 class=\"post-title entry-title\"><a href=\"https:\/\/daysocorp.com\/web\/blog\/que-debemos-tener-en-cuenta-para-una-construccion-o-industria-saludable\/\">\u00bfQu\u00e9 debemos tener en cuenta para una construcci\u00f3n o industria saludable?<\/a><\/h2>\n\t\t\t\t\t<div class=\"entry-content\">\n\n        \n\t\t\t\t<p>La salud empieza por dentro Ya sea en su casa, oficina o industria y mucho m\u00e1s en hospitales u hoteles, todos los entornos pueden liberar sustancias potencialmente peligrosas. Los sistemas de aire acondicionado y agua potable dise\u00f1ados incorrectamente y que no se controlan peri\u00f3dicamente, pueden promover las condiciones para la proliferaci\u00f3n de bacterias peligrosas. Vivir [&hellip;]<\/p>\n\t\t\n\t\t\n\t    \n\t<\/div><!-- \/.entry-content -->\n\t\n\t<\/div>\n\t<!-- \/.post-content -->\n\t\n<\/article>\n<!-- \/.post -->\n    <\/div><!-- .builder-posts-wrap -->\n        <\/div>\n<!-- \/module post -->\n\t        <\/div>\n\t    \t<\/div>\n\t\t    <\/div>\n\t    <!-- \/row_inner -->\n\t<\/div>\n\t<!-- \/module_row -->\n\t\t<!-- module_row -->\n\t<div  data-lazy=\"1\" class=\"module_row themify_builder_row tb_2zww628 tf_clearfix\">\n\t    \t\t<div class=\"row_inner col_align_top tf_box tf_w tf_rel\">\n\t\t\t<div  data-lazy=\"1\" class=\"module_column tb-column col-full first tb_o2iq628 tf_box\">\n\t\t\t    \t        <div class=\"tb-column-inner tf_box tf_w\">\n\t\t    <!-- module template_part -->\n<div  class=\"module module-layout-part tb_a0ls489 \">\n    <div class=\"tb_layout_part_wrap tf_w\"><!--themify_builder_content-->\n    <div  class=\"themify_builder_content themify_builder_content-1012 themify_builder not_editable_builder in_the_loop\" data-postid=\"1012\">\n        \t<!-- module_row -->\n\t<div  data-css_id=\"q50j111\" data-lazy=\"1\" class=\"module_row themify_builder_row repeat fullwidth tb_q50j111 tf_clearfix\" >\n\t    \t\t<div class=\"row_inner col_align_middle gutter-none col_auto_height tf_box tf_w tf_rel\"  data-basecol=\"2\" data-col_mobile=\"column-full\">\n\t\t\t<div  data-lazy=\"1\" class=\"module_column tb-column col4-2 first tb_10hu111 repeat tf_box\">\n\t\t\t    \t        <div class=\"tb-column-inner tf_box tf_w\">\n\t\t    <!-- module buttons -->\n<div  class=\"module module-buttons tb_qceb111 buttons-horizontal solid  rounded buttons-fullwidth\" data-lazy=\"1\" data-sticky-active=\"{&quot;m&quot;:{&quot;stick&quot;:{&quot;p&quot;:&quot;bottom&quot;,&quot;v&quot;:&quot;60&quot;}}}\">\n    \t<div class=\"module-buttons-item tf_inline_b\">\n\t\t\t\t\t\t\t<a href=\"https:\/\/ngpdgv73ss8.typeform.com\/to\/Wvpe5abs\" class=\"ui builder_button green\" target=\"_blank\" rel=\"noopener\">\n\t\t\t\t\t\t\t\t\t\t\t<span class=\"tf_inline_b tf_vmiddle\">Solicitar Video y Cat\u00e1logo<\/span>\n\t\t\t\t\t\t\t\t\t\t\t<\/a>\n\t\t\t    \t<\/div>\n\t<\/div>\n<!-- \/module buttons -->\n\t        <\/div>\n\t    \t<\/div>\n\t\t<div  data-lazy=\"1\" class=\"module_column tb-column col4-2 last tb_pb0p111 repeat tf_box\">\n\t\t\t    \t        <div class=\"tb-column-inner tf_box tf_w\">\n\t\t    <!-- module buttons -->\n<div  class=\"module module-buttons tb_io01111 buttons-horizontal solid  rounded buttons-fullwidth\" data-lazy=\"1\" data-sticky-active=\"{&quot;m&quot;:{&quot;stick&quot;:{&quot;p&quot;:&quot;bottom&quot;}}}\">\n    \t<div class=\"module-buttons-item tf_inline_b\">\n\t\t\t\t\t\t\t<a href=\"https:\/\/calendly.com\/adrian-dayso\" class=\"ui builder_button green\" target=\"_blank\" rel=\"noopener\">\n\t\t\t\t\t\t\t\t\t\t\t<span class=\"tf_inline_b tf_vmiddle\">Solicitar presentaci\u00f3n virtual<\/span>\n\t\t\t\t\t\t\t\t\t\t\t<\/a>\n\t\t\t    \t<\/div>\n\t<\/div>\n<!-- \/module buttons -->\n\t        <\/div>\n\t    \t<\/div>\n\t\t    <\/div>\n\t    <!-- \/row_inner -->\n\t<\/div>\n\t<!-- \/module_row -->\n\t    <\/div>\n<!--\/themify_builder_content--><\/div>\n<\/div>\n<!-- \/module template_part -->\n\t        <\/div>\n\t    \t<\/div>\n\t\t    <\/div>\n\t    <!-- \/row_inner -->\n\t<\/div>\n\t<!-- \/module_row -->\n\t<\/div>\n<!--\/themify_builder_content-->","protected":false},"excerpt":{"rendered":"<p>Solicitar Video y Cat\u00e1logo Solicitar presentaci\u00f3n virtual<\/p>\n","protected":false},"author":1,"featured_media":0,"parent":0,"menu_order":0,"comment_status":"closed","ping_status":"closed","template":"","meta":{"footnotes":""},"class_list":["post-936","page","type-page","status-publish","hentry","has-post-title","has-post-date","has-post-category","has-post-tag","has-post-comment","has-post-author",""],"_links":{"self":[{"href":"https:\/\/daysocorp.com\/web\/wp-json\/wp\/v2\/pages\/936","targetHints":{"allow":["GET"]}}],"collection":[{"href":"https:\/\/daysocorp.com\/web\/wp-json\/wp\/v2\/pages"}],"about":[{"href":"https:\/\/daysocorp.com\/web\/wp-json\/wp\/v2\/types\/page"}],"author":[{"embeddable":true,"href":"https:\/\/daysocorp.com\/web\/wp-json\/wp\/v2\/users\/1"}],"replies":[{"embeddable":true,"href":"https:\/\/daysocorp.com\/web\/wp-json\/wp\/v2\/comments?post=936"}],"version-history":[{"count":0,"href":"https:\/\/daysocorp.com\/web\/wp-json\/wp\/v2\/pages\/936\/revisions"}],"wp:attachment":[{"href":"https:\/\/daysocorp.com\/web\/wp-json\/wp\/v2\/media?parent=936"}],"curies":[{"name":"wp","href":"https:\/\/api.w.org\/{rel}","templated":true}]}}