{"id":786,"date":"2022-05-16T20:47:51","date_gmt":"2022-05-16T20:47:51","guid":{"rendered":"https:\/\/daysocorp.com\/?page_id=786"},"modified":"2022-08-19T12:37:48","modified_gmt":"2022-08-19T12:37:48","slug":"sistema-pressfiting","status":"publish","type":"page","link":"https:\/\/daysocorp.com\/web\/sistema-pressfiting\/","title":{"rendered":"Sistema Pressfiting"},"content":{"rendered":"<!--themify_builder_content-->\n<div id=\"themify_builder_content-786\" data-postid=\"786\" class=\"themify_builder_content themify_builder_content-786 themify_builder tf_clear\">\n    \t<!-- module_row -->\n\t<div  data-css_id=\"tlyi356\" data-lazy=\"1\" class=\"module_row themify_builder_row repeat fullwidth tb_tlyi356 tb_first tf_clearfix\" >\n\t    \t\t<div class=\"row_inner col_align_middle tf_box tf_w tf_rel\"  data-basecol=\"2\" data-col_tablet=\"column-full\" data-col_mobile=\"column-full\">\n\t\t\t<div  data-lazy=\"1\" style=\"width: 54.91%\" class=\"module_column tb-column col4-2 first tb_1ztc358 tf_box\">\n\t\t\t    \t        <div class=\"tb-column-inner tf_box tf_w\">\n\t\t    <!-- module text -->\n<div  class=\"module module-text tb_ep1t359   \" data-lazy=\"1\">\n        <div  class=\"tb_text_wrap\">\n    <h4><span style=\"color: #339966;\"><strong>&gt;<\/strong><\/span>REVOLUCIONARIO<\/h4>\n<h2><span style=\"color: #2f54a2;\">Sistema Pressfiting<\/span><\/h2>\n<p><br>Las uniones son definitivas y el sellado es herm\u00e9tico sin riesgo de fugas.<br><strong>Sin soldaduras, ni otros consumibles. <\/strong>Adem\u00e1s <strong>permite realizar modificaciones con agua en circulaci\u00f3n<\/strong>.<br>El Sistema PRESSFITTING une tubo y conexi\u00f3n de forma f\u00e1cil, r\u00e1pida y segura. Realizando doble sellado, una uni\u00f3n mec\u00e1nica por la compresi\u00f3n (tubo-conexi\u00f3n) y otra hidr\u00e1ulica definitiva con el o\u00b4ring.<\/p>    <\/div>\n<\/div>\n<!-- \/module text --><!-- module buttons -->\n<div  class=\"module module-buttons tb_p1og609 buttons-horizontal solid  rounded\" data-lazy=\"1\">\n    \t<div class=\"module-buttons-item tf_inline_b\">\n\t\t\t\t\t\t\t<a href=\"#historia\" class=\"ui builder_button green\" >\n\t\t\t\t\t\t\t\t\t\t\t<span class=\"tf_inline_b tf_vmiddle\">Conoce la historia del Sistema Pressfitting<\/span>\n\t\t\t\t\t\t\t\t\t\t\t<\/a>\n\t\t\t    \t<\/div>\n\t<\/div>\n<!-- \/module buttons -->\n\t        <\/div>\n\t    \t<\/div>\n\t\t<div  data-lazy=\"1\" style=\"width: 41.89%\" class=\"module_column tb-column col4-2 last tb_9zar362 tf_box\">\n\t\t\t    \t        <div class=\"tb-column-inner tf_box tf_w\">\n\t\t    <!-- module image -->\n<div  class=\"module module-image tb_hjrp363   image-center tf_mw\" data-lazy=\"1\">\n        <div class=\"image-wrap tf_rel tf_mw\">\n\t\t    <img loading=\"lazy\" decoding=\"async\" src=\"https:\/\/daysocorp.com\/web\/wp-content\/uploads\/2022\/08\/Datso_pressfiting_detalle_OK-730x289.png\" width=\"730\" height=\"289\" class=\"wp-post-image wp-image-1011\" title=\"Datso_pressfiting_detalle_OK\" alt=\"Datso_pressfiting_detalle_OK\" srcset=\"https:\/\/daysocorp.com\/web\/wp-content\/uploads\/2022\/08\/Datso_pressfiting_detalle_OK.png 730w, https:\/\/daysocorp.com\/web\/wp-content\/uploads\/2022\/08\/Datso_pressfiting_detalle_OK-300x119.png 300w\" sizes=\"auto, (max-width: 730px) 100vw, 730px\" \/>\t\n\t\t<\/div>\n\t<!-- \/image-wrap -->\n    \n    \t<\/div>\n<!-- \/module image -->\t        <\/div>\n\t    \t<\/div>\n\t\t    <\/div>\n\t    <!-- \/row_inner -->\n\t<\/div>\n\t<!-- \/module_row -->\n\t\t<!-- module_row -->\n\t<div  data-css_id=\"kyoz842\" data-lazy=\"1\" class=\"module_row themify_builder_row repeat fullwidth tb_kyoz842 tf_clearfix\" >\n\t    \t\t<div class=\"row_inner col_align_top tf_box tf_w tf_rel\"  data-basecol=\"3\" data-col_tablet=\"column-full\">\n\t\t\t<div  data-lazy=\"1\" class=\"module_column tb-column col3-1 first tb_uoa0844 tf_box\">\n\t\t\t    \t        <div class=\"tb-column-inner tf_box tf_w\">\n\t\t    <!-- module text -->\n<div  class=\"module module-text tb_zbeq844  repeat \" data-lazy=\"1\">\n        <div  class=\"tb_text_wrap\">\n    <h4 style=\"text-align: left;\"><span style=\"color: #339966;\"><strong>&gt;<span style=\"color: #000000;\">\u00bf<\/span><\/strong><\/span>QU\u00c9 ES<\/h4>\n<p><img loading=\"lazy\" decoding=\"async\" class=\"size-medium wp-image-789 aligncenter\" src=\"https:\/\/daysocorp.com\/web\/wp-content\/uploads\/2022\/05\/Que-es-Ecoinox-300x75.jpg\" alt=\"\" width=\"300\" height=\"75\" srcset=\"https:\/\/daysocorp.com\/web\/wp-content\/uploads\/2022\/05\/Que-es-Ecoinox-300x75.jpg 300w, https:\/\/daysocorp.com\/web\/wp-content\/uploads\/2022\/05\/Que-es-Ecoinox.jpg 608w\" sizes=\"auto, (max-width: 300px) 100vw, 300px\" \/><\/p>    <\/div>\n<\/div>\n<!-- \/module text -->\t        <\/div>\n\t    \t<\/div>\n\t\t<div  data-lazy=\"1\" class=\"module_column tb-column col3-1 middle tb_0n72844 tf_box\">\n\t\t\t    \t        <div class=\"tb-column-inner tf_box tf_w\">\n\t\t    <!-- module text -->\n<div  class=\"module module-text tb_r7b7985   \" data-lazy=\"1\">\n        <div  class=\"tb_text_wrap\">\n    <p>Es el mejor<strong> sistema de tuber\u00edas y conexiones fabricado en acero inoxidable<\/strong>.<br><strong>ECOINOX\u00ae<\/strong> ofrece el Sistema <strong>PRESSFITTING<\/strong> (o uni\u00f3n por compresi\u00f3n) que garantiza la forma <strong>m\u00e1s segura y r\u00e1pida de instalaci\u00f3n<\/strong>.<br><strong>ECOINOX\u00ae<\/strong> logra mediante el uso de herramientas de simple manejo <strong>un sellado o uni\u00f3n definitiva en no m\u00e1s de 10 segundos<\/strong>.<br>Sin Soldaduras, consumibles ni agentes externos.<\/p>    <\/div>\n<\/div>\n<!-- \/module text -->\t        <\/div>\n\t    \t<\/div>\n\t\t<div  data-lazy=\"1\" class=\"module_column tb-column col3-1 last tb_ocbi338 tf_box\">\n\t\t\t    \t        <div class=\"tb-column-inner tf_box tf_w\">\n\t\t    <!-- module text -->\n<div  class=\"module module-text tb_oufx384   \" data-lazy=\"1\">\n        <div  class=\"tb_text_wrap\">\n    <p><strong>M\u00e1s de 200 piezas<\/strong> especialmente dise\u00f1adas en diez medidas, brindan la respuesta m\u00e1s eficaz y adecuada para cada proyecto.<br>Sin riesgo de fuga, <strong>las uniones son definitivas<\/strong> y el sellado es totalmente herm\u00e9tico.<br>As\u00ed <strong>ECOINOX\u00ae<\/strong> es la probada e inigualable presentaci\u00f3n del acero inoxidable aplicado hoy en instalaciones de conducci\u00f3n de agua fr\u00eda, agua caliente, aire comprimido e instalaciones en general<\/p>    <\/div>\n<\/div>\n<!-- \/module text -->\t        <\/div>\n\t    \t<\/div>\n\t\t    <\/div>\n\t    <!-- \/row_inner -->\n\t<\/div>\n\t<!-- \/module_row -->\n\t\t<!-- module_row -->\n\t<div  data-css_id=\"rdn2642\" data-lazy=\"1\" class=\"module_row themify_builder_row repeat-y fullwidth tb_rdn2642 tf_clearfix\" >\n\t    \t\t<div class=\"row_inner col_align_middle tf_box tf_w tf_rel\"  data-basecol=\"1\" data-col_tablet=\"column-full\">\n\t\t\t<div  data-lazy=\"1\" class=\"module_column tb-column col-full first tb_ifjy643 tf_box\">\n\t\t\t    \t        <div class=\"tb-column-inner tf_box tf_w\">\n\t\t    <!-- module text -->\n<div  class=\"module module-text tb_6khb643   \" data-lazy=\"1\">\n        <div  class=\"tb_text_wrap\">\n    <h4><span style=\"color: #339966;\"><strong>&gt;<\/strong><\/span><span style=\"color: #2f54a2;\">\u00bfSAB\u00cdAS QUE EL ACERO INOXIDABLE ES 100% RECICLABLE?<\/span><\/h4>    <\/div>\n<\/div>\n<!-- \/module text -->\t<div  data-lazy=\"1\" class=\"module_subrow themify_builder_sub_row tb_14h8212 tf_w tf_clearfix\">\n\t    \t\t<div class=\"subrow_inner col_align_top tf_box tf_w\"  data-basecol=\"3\" data-col_mobile=\"column-full\">\n\t\t\t<div  style=\"width: 39.35%\" data-lazy=\"1\" class=\"sub_column module_column tf_box col3-1 first tb_5m6n214\"> \n\t    \t    \t        <div class=\"tb-column-inner tf_box tf_w\">\n\t\t    <!-- module text -->\n<div  class=\"module module-text tb_0eq9614   \" data-lazy=\"1\">\n        <div  class=\"tb_text_wrap\">\n    <p>Los aceros inoxidable son uno de los metales mas amigables con el medio ambiente. Su tecnolog\u00eda le ha permitido tener un ciclo de vida ilimitado, con caracter\u00edsticas como:<br><span style=\"color: #339966;\">\u25ba<\/span> Ser inmune al sarro y a la corrosi\u00f3n, garantizando el m\u00e1ximo el nivel de salubridad.<br><span style=\"color: #339966;\">\u25ba<\/span> Larga duraci\u00f3n de vida \u00fatil en comparaci\u00f3n a cualquier otro material tradicional.<br><span style=\"color: #339966;\">\u25ba<\/span> Es de f\u00e1cil limpieza solo requiriendo el uso de agua y soluci\u00f3n jabonosa.<br><span style=\"color: #339966;\">\u25ba<\/span> Posee una alta resistencia mec\u00e1nica.<br><span style=\"color: #339966;\">\u25ba<\/span> Tiene una elevada inercia t\u00e9rmica.<br><span style=\"color: #339966;\">\u25ba<\/span> Es resistente a bajas y altas temperaturas.<br><span style=\"color: #339966;\">\u25ba<\/span> Tiene un baj\u00edsimo costo de mantenimiento.<\/p>    <\/div>\n<\/div>\n<!-- \/module text -->\t        <\/div>\n\t    \t<\/div>\n\t\t<div  style=\"width: 40.59%\" data-lazy=\"1\" class=\"sub_column module_column tf_box col3-1 middle tb_jhr9214\"> \n\t    \t    \t        <div class=\"tb-column-inner tf_box tf_w\">\n\t\t    <!-- module text -->\n<div  class=\"module module-text tb_z8oa107   \" data-lazy=\"1\">\n        <div  class=\"tb_text_wrap\">\n    <p style=\"text-align: left;\"><span style=\"color: #339966;\">\u25ba <\/span><span style=\"color: rgb(101, 101, 101);\">Es un material que despu\u00e9s de una larga vida en servicio puede ser reciclado indefinidamente.<\/span><span style=\"color: #339966;\"><br>\u25ba<\/span> No contiene la toxicidad propia de las instalaciones tradicionales fabricadas en plomo, cobre o pl\u00e1stico que requieren soldaduras, pegamentos o fusiones.<\/p>\n<p style=\"text-align: left;\">Estas cualidades lo posicionan como un metal ecol\u00f3gico que le permite ser utilizado en la industria hospitalaria, alimenticia, naval, aeron\u00e1utica, quir\u00fargica, qu\u00edmica, llegando hasta la fabricaci\u00f3n de utensilios de uso diario y equipo de cocina.<\/p>\n<p align=\"left\"><img loading=\"lazy\" decoding=\"async\" class=\"wp-image-796 size-full alignleft\" src=\"https:\/\/daysocorp.com\/web\/wp-content\/uploads\/2022\/05\/Eco_Icon-1.png\" alt=\"\" width=\"51\" height=\"50\"><span style=\"color: #339966;\"><strong>\u00a1ECOINOX\u00ae contribuye a crear&nbsp; un mundo m\u00e1s verde!<\/strong><\/span><\/p>    <\/div>\n<\/div>\n<!-- \/module text -->\t        <\/div>\n\t    \t<\/div>\n\t\t<div  style=\"width: 13.66%\" data-lazy=\"1\" class=\"sub_column module_column tf_box col3-1 last tb_12ug125\"> \n\t    \t    \t<\/div>\n\t\t    <\/div>\n\t<\/div><!-- \/themify_builder_sub_row -->\n\t\t        <\/div>\n\t    \t<\/div>\n\t\t    <\/div>\n\t    <!-- \/row_inner -->\n\t<\/div>\n\t<!-- \/module_row -->\n\t\t<!-- module_row -->\n\t<div  data-css_id=\"4z1t779\" data-lazy=\"1\" class=\"module_row themify_builder_row fullwidth_row_container tb_4z1t779 tf_clearfix\" >\n\t    \t\t<div class=\"row_inner col_align_top tf_box tf_w tf_rel\">\n\t\t\t<div  data-lazy=\"1\" class=\"module_column tb-column col-full first tb_qo2s781 tf_box\">\n\t\t\t    \t        <div class=\"tb-column-inner tf_box tf_w\">\n\t\t    <!-- module video -->\n<div  class=\"module module-video tb_pap0866 video-top  \" data-lazy=\"1\" data-url=\"https:\/\/youtu.be\/hstsa6xi-7Q\" id=\"historia\">\n    \t\t<h3 class=\"module-title\">HISTORIA DEL SISTEMA PRESSFITTING<\/h3>\t\t<div class=\"video-wrap-outer\">\n\t\t\t<div class=\"video-wrap tf_rel tf_overflow\">\n\t\t\t\t\t\t\t<\/div>\n\t\t\t<!-- \/video-wrap -->\n\t\t<\/div>\n\t\t<!-- \/video-wrap-outer -->\n\t\t\t<\/div>\n\t        <\/div>\n\t    \t<\/div>\n\t\t    <\/div>\n\t    <!-- \/row_inner -->\n\t<\/div>\n\t<!-- \/module_row -->\n\t\t<!-- module_row -->\n\t<div  data-css_id=\"c0yk516\" data-lazy=\"1\" class=\"module_row themify_builder_row repeat fullwidth tb_c0yk516 tf_clearfix\" >\n\t    \t\t<div class=\"row_inner col_align_middle gutter-none col_auto_height tf_box tf_w tf_rel\"  data-basecol=\"2\" data-col_mobile=\"column-full\">\n\t\t\t<div  data-lazy=\"1\" class=\"module_column tb-column col4-2 first tb_w8xt516 repeat tf_box\">\n\t\t\t    \t        <div class=\"tb-column-inner tf_box tf_w\">\n\t\t    <!-- module buttons -->\n<div  class=\"module module-buttons tb_4rxy517 buttons-horizontal solid  rounded buttons-fullwidth\" data-lazy=\"1\" data-sticky-active=\"{&quot;m&quot;:{&quot;stick&quot;:{&quot;p&quot;:&quot;bottom&quot;,&quot;v&quot;:&quot;60&quot;}}}\">\n    \t<div class=\"module-buttons-item tf_inline_b\">\n\t\t\t\t\t\t\t<a href=\"https:\/\/ngpdgv73ss8.typeform.com\/to\/Wvpe5abs\" class=\"ui builder_button green\" target=\"_blank\" rel=\"noopener\">\n\t\t\t\t\t\t\t\t\t\t\t<span class=\"tf_inline_b tf_vmiddle\">Solicitar Video y Cat\u00e1logo<\/span>\n\t\t\t\t\t\t\t\t\t\t\t<\/a>\n\t\t\t    \t<\/div>\n\t<\/div>\n<!-- \/module buttons -->\n\t        <\/div>\n\t    \t<\/div>\n\t\t<div  data-lazy=\"1\" class=\"module_column tb-column col4-2 last tb_f3gh517 repeat tf_box\">\n\t\t\t    \t        <div class=\"tb-column-inner tf_box tf_w\">\n\t\t    <!-- module buttons -->\n<div  class=\"module module-buttons tb_ffdz517 buttons-horizontal solid  rounded buttons-fullwidth\" data-lazy=\"1\" data-sticky-active=\"{&quot;m&quot;:{&quot;stick&quot;:{&quot;p&quot;:&quot;bottom&quot;}}}\">\n    \t<div class=\"module-buttons-item tf_inline_b\">\n\t\t\t\t\t\t\t<a href=\"https:\/\/calendly.com\/adrian-dayso\" class=\"ui builder_button green\" target=\"_blank\" rel=\"noopener\">\n\t\t\t\t\t\t\t\t\t\t\t<span class=\"tf_inline_b tf_vmiddle\">Solicitar presentaci\u00f3n virtual<\/span>\n\t\t\t\t\t\t\t\t\t\t\t<\/a>\n\t\t\t    \t<\/div>\n\t<\/div>\n<!-- \/module buttons -->\n\t        <\/div>\n\t    \t<\/div>\n\t\t    <\/div>\n\t    <!-- \/row_inner -->\n\t<\/div>\n\t<!-- \/module_row -->\n\t<\/div>\n<!--\/themify_builder_content-->","protected":false},"excerpt":{"rendered":"<p>&gt;REVOLUCIONARIO Sistema Pressfiting Las uniones son definitivas y el sellado es herm\u00e9tico sin riesgo de fugas.Sin soldaduras, ni otros consumibles. Adem\u00e1s permite realizar modificaciones con agua en circulaci\u00f3n.El Sistema PRESSFITTING une tubo y conexi\u00f3n de forma f\u00e1cil, r\u00e1pida y segura. Realizando doble sellado, una uni\u00f3n mec\u00e1nica por la compresi\u00f3n (tubo-conexi\u00f3n) y otra hidr\u00e1ulica definitiva con [&hellip;]<\/p>\n","protected":false},"author":1,"featured_media":0,"parent":0,"menu_order":0,"comment_status":"closed","ping_status":"closed","template":"","meta":{"footnotes":""},"class_list":["post-786","page","type-page","status-publish","hentry","has-post-title","has-post-date","has-post-category","has-post-tag","has-post-comment","has-post-author",""],"_links":{"self":[{"href":"https:\/\/daysocorp.com\/web\/wp-json\/wp\/v2\/pages\/786","targetHints":{"allow":["GET"]}}],"collection":[{"href":"https:\/\/daysocorp.com\/web\/wp-json\/wp\/v2\/pages"}],"about":[{"href":"https:\/\/daysocorp.com\/web\/wp-json\/wp\/v2\/types\/page"}],"author":[{"embeddable":true,"href":"https:\/\/daysocorp.com\/web\/wp-json\/wp\/v2\/users\/1"}],"replies":[{"embeddable":true,"href":"https:\/\/daysocorp.com\/web\/wp-json\/wp\/v2\/comments?post=786"}],"version-history":[{"count":0,"href":"https:\/\/daysocorp.com\/web\/wp-json\/wp\/v2\/pages\/786\/revisions"}],"wp:attachment":[{"href":"https:\/\/daysocorp.com\/web\/wp-json\/wp\/v2\/media?parent=786"}],"curies":[{"name":"wp","href":"https:\/\/api.w.org\/{rel}","templated":true}]}}