{"id":776,"date":"2022-05-16T20:47:38","date_gmt":"2022-05-16T20:47:38","guid":{"rendered":"https:\/\/daysocorp.com\/?page_id=776"},"modified":"2022-08-19T12:36:39","modified_gmt":"2022-08-19T12:36:39","slug":"la-empresa","status":"publish","type":"page","link":"https:\/\/daysocorp.com\/web\/la-empresa\/","title":{"rendered":"La Empresa"},"content":{"rendered":"<!--themify_builder_content-->\n<div id=\"themify_builder_content-776\" data-postid=\"776\" class=\"themify_builder_content themify_builder_content-776 themify_builder tf_clear\">\n    \t<!-- module_row -->\n\t<div  data-css_id=\"nkxa528\" data-lazy=\"1\" class=\"module_row themify_builder_row fullcover fullwidth tb_nkxa528 tb_first tf_clearfix\" >\n\t    \t\t<div class=\"row_inner col_align_top gutter-none tf_box tf_w tf_rel\">\n\t\t\t<div  data-lazy=\"1\" style=\"width: 15.22%\" class=\"module_column tb-column col4-1 first tb_lrr3529 tf_box\">\n\t\t\t    \t<\/div>\n\t\t<div  data-lazy=\"1\" style=\"width: 69.56%\" class=\"module_column tb-column col4-2 middle tb_zzjc530 tf_box\">\n\t\t\t    \t        <div class=\"tb-column-inner tf_box tf_w\">\n\t\t    <!-- module text -->\n<div  class=\"module module-text tb_ezkb530   \" data-lazy=\"1\">\n        <div  class=\"tb_text_wrap\">\n    <h4><span style=\"color: #ffffff;\">Somos una empresa con mas de 30 a\u00f1os de experiencia desarrollando el mercado latinoamericano con los sistemas tecnol\u00f3gicamente mas modernos para la conducci\u00f3n de fluidos.<\/span><\/h4>    <\/div>\n<\/div>\n<!-- \/module text -->\t        <\/div>\n\t    \t<\/div>\n\t\t<div  data-lazy=\"1\" style=\"width: 15.22%\" class=\"module_column tb-column col4-1 last tb_2rss532 tf_box\">\n\t\t\t    \t<\/div>\n\t\t    <\/div>\n\t    <!-- \/row_inner -->\n\t<\/div>\n\t<!-- \/module_row -->\n\t\t<!-- module_row -->\n\t<div  data-css_id=\"4kms771\" data-lazy=\"1\" class=\"module_row themify_builder_row fullwidth_row_container tb_4kms771 tf_clearfix\" >\n\t    \t\t<div class=\"row_inner col_align_top tf_box tf_w tf_rel\">\n\t\t\t<div  data-lazy=\"1\" class=\"module_column tb-column col3-1 first tb_xkw4772 repeat tf_box\">\n\t\t\t    \t        <div class=\"tb-column-inner tf_box tf_w\">\n\t\t    <!-- module image -->\n<div  class=\"module module-image tb_wm0a773 rounded  image-top auto_fullwidth tf_mw\" data-lazy=\"1\">\n        <div class=\"image-wrap tf_rel tf_mw\">\n\t\t    <img loading=\"lazy\" decoding=\"async\" width=\"360\" height=\"308\" src=\"https:\/\/daysocorp.com\/web\/wp-content\/uploads\/2022\/05\/Dayso_Dante_Taddei.jpg\" class=\"wp-post-image wp-image-784\" title=\"Dante Taddei\" alt=\"(CEO DaysoCorp)\n\nDesde la d\u00e9cada del 90 hemos colaborado en la instalaci\u00f3n de los  sistemas pressfitting y ranurado en los edificios e industrias mas emblem\u00e1ticos de toda Am\u00e9rica Latina, desde Argentina a M\u00e9xico, uniendo la calidad de nuestros proveedores mundiales con la satisfacci\u00f3n de nuestros clientes finales sean estos hoteles, hospitales, industrias o edificios cooperativos entre otros.\" srcset=\"https:\/\/daysocorp.com\/web\/wp-content\/uploads\/2022\/05\/Dayso_Dante_Taddei.jpg 360w, https:\/\/daysocorp.com\/web\/wp-content\/uploads\/2022\/05\/Dayso_Dante_Taddei-300x257.jpg 300w\" sizes=\"auto, (max-width: 360px) 100vw, 360px\" \/>\t\n\t\t<\/div>\n\t<!-- \/image-wrap -->\n    \n    \t<div class=\"image-content\">\n\t    \t\t\t<h3 class=\"image-title\">\n\t\t\t\t\t\t\t\t\tDante Taddei\t\t\t\t\t\t\t<\/h3>\n\t    \n\t    \t\t<div class=\"image-caption tb_text_wrap\">\n\t\t    (CEO DaysoCorp)\n<br><br>\nDesde la d\u00e9cada del 90 hemos colaborado en la instalaci\u00f3n de los  sistemas pressfitting y ranurado en los edificios e industrias mas emblem\u00e1ticos de toda Am\u00e9rica Latina, desde Argentina a M\u00e9xico, uniendo la calidad de nuestros proveedores mundiales con la satisfacci\u00f3n de nuestros clientes finales sean estos hoteles, hospitales, industrias o edificios cooperativos entre otros.\t    <\/div>\n\t    <!-- \/image-caption -->\n\t    \t<\/div>\n\t<!-- \/image-content -->\n    \t<\/div>\n<!-- \/module image -->\t        <\/div>\n\t    \t<\/div>\n\t\t<div  data-lazy=\"1\" class=\"module_column tb-column col3-1 middle tb_n9nx773 tf_box\">\n\t\t\t    \t        <div class=\"tb-column-inner tf_box tf_w\">\n\t\t    <!-- module image -->\n<div  class=\"module module-image tb_096t774 rounded  image-top auto_fullwidth tf_mw\" data-lazy=\"1\">\n        <div class=\"image-wrap tf_rel tf_mw\">\n\t\t    <img loading=\"lazy\" decoding=\"async\" width=\"360\" height=\"308\" src=\"https:\/\/daysocorp.com\/web\/wp-content\/uploads\/2022\/05\/Dayso_Adrian_Taddei.jpg\" class=\"wp-post-image wp-image-783\" title=\"Adrian Taddei\" alt=\"(Director Marketing Comercial)\n\nEn cada pa\u00eds latinoamericano contamos con distribuidores o agentes exclusivos, con quienes colaboramos t\u00e9cnica y comercialmente para que nuestros sistemas se instalen cada d\u00eda en mas Industrias y Viviendas. Buscando siempre en el Cliente final el objetivo ECE (Econom\u00eda-Calidad-Ecolog\u00eda).\" srcset=\"https:\/\/daysocorp.com\/web\/wp-content\/uploads\/2022\/05\/Dayso_Adrian_Taddei.jpg 360w, https:\/\/daysocorp.com\/web\/wp-content\/uploads\/2022\/05\/Dayso_Adrian_Taddei-300x257.jpg 300w\" sizes=\"auto, (max-width: 360px) 100vw, 360px\" \/>\t\n\t\t<\/div>\n\t<!-- \/image-wrap -->\n    \n    \t<div class=\"image-content\">\n\t    \t\t\t<h3 class=\"image-title\">\n\t\t\t\t\t\t\t\t\tAdrian Taddei\t\t\t\t\t\t\t<\/h3>\n\t    \n\t    \t\t<div class=\"image-caption tb_text_wrap\">\n\t\t    (Director Marketing Comercial)\n<br><br>\nEn cada pa\u00eds latinoamericano contamos con distribuidores o agentes exclusivos, con quienes colaboramos t\u00e9cnica y comercialmente para que nuestros sistemas se instalen cada d\u00eda en mas Industrias y Viviendas. Buscando siempre en el Cliente final el objetivo ECE (Econom\u00eda-Calidad-Ecolog\u00eda).\n\n\t    <\/div>\n\t    <!-- \/image-caption -->\n\t    \t<\/div>\n\t<!-- \/image-content -->\n    \t<\/div>\n<!-- \/module image -->\t        <\/div>\n\t    \t<\/div>\n\t\t<div  data-lazy=\"1\" class=\"module_column tb-column col3-1 last tb_uiqu775 tf_box\">\n\t\t\t    \t        <div class=\"tb-column-inner tf_box tf_w\">\n\t\t    <!-- module image -->\n<div  class=\"module module-image tb_tt4e775 rounded  image-center auto_fullwidth tf_mw\" data-lazy=\"1\">\n        <div class=\"image-wrap tf_rel tf_mw\">\n\t\t    <img loading=\"lazy\" decoding=\"async\" width=\"360\" height=\"308\" src=\"https:\/\/daysocorp.com\/web\/wp-content\/uploads\/2022\/05\/Dayso_Eduardo_Massimino.jpg\" class=\"wp-post-image wp-image-785\" title=\"Eduardo Massimino\" alt=\"(Director T\u00e9cnico)\n \nLas bondades del material y la tecnolog\u00eda de uni\u00f3n r\u00e1pida, hacen de nuestros productos la mejor soluci\u00f3n a todos los problemas en la conducci\u00f3n de fluidos. El balance perfecto entre econom\u00eda \u2013 tecnolog\u00eda y calidad.\" srcset=\"https:\/\/daysocorp.com\/web\/wp-content\/uploads\/2022\/05\/Dayso_Eduardo_Massimino.jpg 360w, https:\/\/daysocorp.com\/web\/wp-content\/uploads\/2022\/05\/Dayso_Eduardo_Massimino-300x257.jpg 300w\" sizes=\"auto, (max-width: 360px) 100vw, 360px\" \/>\t\n\t\t<\/div>\n\t<!-- \/image-wrap -->\n    \n    \t<div class=\"image-content\">\n\t    \t\t\t<h3 class=\"image-title\">\n\t\t\t\t\t\t\t\t\tEduardo Massimino\t\t\t\t\t\t\t<\/h3>\n\t    \n\t    \t\t<div class=\"image-caption tb_text_wrap\">\n\t\t    (Director T\u00e9cnico)\n <br><br>\nLas bondades del material y la tecnolog\u00eda de uni\u00f3n r\u00e1pida, hacen de nuestros productos la mejor soluci\u00f3n a todos los problemas en la conducci\u00f3n de fluidos. El balance perfecto entre econom\u00eda \u2013 tecnolog\u00eda y calidad.\t    <\/div>\n\t    <!-- \/image-caption -->\n\t    \t<\/div>\n\t<!-- \/image-content -->\n    \t<\/div>\n<!-- \/module image -->\t        <\/div>\n\t    \t<\/div>\n\t\t    <\/div>\n\t    <!-- \/row_inner -->\n\t<\/div>\n\t<!-- \/module_row -->\n\t\t<!-- module_row -->\n\t<div  data-lazy=\"1\" class=\"module_row themify_builder_row tb_y4il516 tf_clearfix\" >\n\t    \t\t<div class=\"row_inner col_align_top tf_box tf_w tf_rel\">\n\t\t\t<div  data-lazy=\"1\" class=\"module_column tb-column col3-1 first tb_2ca6517 tf_box\">\n\t\t\t    \t        <div class=\"tb-column-inner tf_box tf_w\">\n\t\t    <!-- module fancy heading -->\n<div  class=\"module module-fancy-heading tb_fsa0355 \" data-lazy=\"1\">\n        <h2 class=\"fancy-heading\">\n    <span  class=\"main-head tf_block\">\n\t\t\t\t\tNuestro prop\u00f3sito\t\t    <\/span>\n    <span class=\"sub-head tf_block tf_rel\">\n\t\t\t\t\t\t\t    <\/span>\n    <\/h2>\n<\/div>\n<!-- \/module fancy heading -->\n<!-- module text -->\n<div  class=\"module module-text tb_9lav539   \" data-lazy=\"1\">\n        <div  class=\"tb_text_wrap\">\n    <p>Hacer que los clientes finales vean solucionados sus problemas de reemplazo de tuber\u00edas por fugas en las mismas o por su obsolescencia, con la utilizaci\u00f3n de los mas modernos y sustentables sistemas de conducci\u00f3n de fluidos.<\/p>    <\/div>\n<\/div>\n<!-- \/module text -->\t        <\/div>\n\t    \t<\/div>\n\t\t<div  data-lazy=\"1\" class=\"module_column tb-column col3-1 middle tb_kau1496 tf_box\">\n\t\t\t    \t        <div class=\"tb-column-inner tf_box tf_w\">\n\t\t    <!-- module fancy heading -->\n<div  class=\"module module-fancy-heading tb_ni4f497 \" data-lazy=\"1\">\n        <h2 class=\"fancy-heading\">\n    <span  class=\"main-head tf_block\">\n\t\t\t\t\tNuestra misi\u00f3n\t\t    <\/span>\n    <span class=\"sub-head tf_block tf_rel\">\n\t\t\t\t\t\t\t    <\/span>\n    <\/h2>\n<\/div>\n<!-- \/module fancy heading -->\n<!-- module text -->\n<div  class=\"module module-text tb_kmzg498   \" data-lazy=\"1\">\n        <div  class=\"tb_text_wrap\">\n    <p>Ser reconocidos en nuestro \u00e1mbito por el alto standard de calidad de los productos comercializados y por el cumplimiento de los plazos de entrega de los mismos, brindando a nuestros clientes el apoyo t\u00e9cnico\u2013comercial para colaborar a la introducci\u00f3n de los productos en sus mercados, convirti\u00e9ndonos en sus aliados estrat\u00e9gicos y contribuyendo a mejorar su productividad a trav\u00e9s de soluciones sustentables y tecnol\u00f3gicas.<\/p>    <\/div>\n<\/div>\n<!-- \/module text -->\t        <\/div>\n\t    \t<\/div>\n\t\t<div  data-lazy=\"1\" class=\"module_column tb-column col3-1 last tb_s24i971 tf_box\">\n\t\t\t    \t        <div class=\"tb-column-inner tf_box tf_w\">\n\t\t    <!-- module fancy heading -->\n<div  class=\"module module-fancy-heading tb_854g971 \" data-lazy=\"1\">\n        <h2 class=\"fancy-heading\">\n    <span  class=\"main-head tf_block\">\n\t\t\t\t\tNuestra visi\u00f3n \t\t    <\/span>\n    <span class=\"sub-head tf_block tf_rel\">\n\t\t\t\t\t\t\t    <\/span>\n    <\/h2>\n<\/div>\n<!-- \/module fancy heading -->\n<!-- module text -->\n<div  class=\"module module-text tb_kjz3972   \" data-lazy=\"1\">\n        <div  class=\"tb_text_wrap\">\n    <p>Contribuir con nuestro aporte y el uso de nuestros materiales a mejorar la calidad de vida de los habitantes de Latinoam\u00e9rica, preservando la salud humana y cuidando el ambiente que lo rodea para lograr un mundo mejor.<\/p>    <\/div>\n<\/div>\n<!-- \/module text -->\t        <\/div>\n\t    \t<\/div>\n\t\t    <\/div>\n\t    <!-- \/row_inner -->\n\t<\/div>\n\t<!-- \/module_row -->\n\t\t<!-- module_row -->\n\t<div  data-css_id=\"ryat676\" data-lazy=\"1\" class=\"module_row themify_builder_row repeat fullwidth tb_ryat676 tf_clearfix\" >\n\t    \t\t<div class=\"row_inner col_align_middle gutter-none col_auto_height tf_box tf_w tf_rel\"  data-basecol=\"2\" data-col_mobile=\"column-full\">\n\t\t\t<div  data-lazy=\"1\" class=\"module_column tb-column col4-2 first tb_scbe677 repeat tf_box\">\n\t\t\t    \t        <div class=\"tb-column-inner tf_box tf_w\">\n\t\t    <!-- module buttons -->\n<div  class=\"module module-buttons tb_3029677 buttons-horizontal solid  rounded buttons-fullwidth\" data-lazy=\"1\" data-sticky-active=\"{&quot;m&quot;:{&quot;stick&quot;:{&quot;p&quot;:&quot;bottom&quot;,&quot;v&quot;:&quot;60&quot;}}}\">\n    \t<div class=\"module-buttons-item tf_inline_b\">\n\t\t\t\t\t\t\t<a href=\"https:\/\/ngpdgv73ss8.typeform.com\/to\/Wvpe5abs\" class=\"ui builder_button green\" target=\"_blank\" rel=\"noopener\">\n\t\t\t\t\t\t\t\t\t\t\t<span class=\"tf_inline_b tf_vmiddle\">Solicitar Video y Cat\u00e1logo<\/span>\n\t\t\t\t\t\t\t\t\t\t\t<\/a>\n\t\t\t    \t<\/div>\n\t<\/div>\n<!-- \/module buttons -->\n\t        <\/div>\n\t    \t<\/div>\n\t\t<div  data-lazy=\"1\" class=\"module_column tb-column col4-2 last tb_jfvf678 repeat tf_box\">\n\t\t\t    \t        <div class=\"tb-column-inner tf_box tf_w\">\n\t\t    <!-- module buttons -->\n<div  class=\"module module-buttons tb_x6a1679 buttons-horizontal solid  rounded buttons-fullwidth\" data-lazy=\"1\" data-sticky-active=\"{&quot;m&quot;:{&quot;stick&quot;:{&quot;p&quot;:&quot;bottom&quot;}}}\">\n    \t<div class=\"module-buttons-item tf_inline_b\">\n\t\t\t\t\t\t\t<a href=\"https:\/\/calendly.com\/adrian-dayso\" class=\"ui builder_button green\" target=\"_blank\" rel=\"noopener\">\n\t\t\t\t\t\t\t\t\t\t\t<span class=\"tf_inline_b tf_vmiddle\">Solicitar presentaci\u00f3n virtual<\/span>\n\t\t\t\t\t\t\t\t\t\t\t<\/a>\n\t\t\t    \t<\/div>\n\t<\/div>\n<!-- \/module buttons -->\n\t        <\/div>\n\t    \t<\/div>\n\t\t    <\/div>\n\t    <!-- \/row_inner -->\n\t<\/div>\n\t<!-- \/module_row -->\n\t<\/div>\n<!--\/themify_builder_content-->\n<p>&nbsp;<\/p>","protected":false},"excerpt":{"rendered":"<p>Somos una empresa con mas de 30 a\u00f1os de experiencia desarrollando el mercado latinoamericano con los sistemas tecnol\u00f3gicamente mas modernos para la conducci\u00f3n de fluidos. Dante Taddei (CEO DaysoCorp) Desde la d\u00e9cada del 90 hemos colaborado en la instalaci\u00f3n de los sistemas pressfitting y ranurado en los edificios e industrias mas emblem\u00e1ticos de toda Am\u00e9rica [&hellip;]<\/p>\n","protected":false},"author":1,"featured_media":0,"parent":0,"menu_order":0,"comment_status":"closed","ping_status":"closed","template":"","meta":{"footnotes":""},"class_list":["post-776","page","type-page","status-publish","hentry","has-post-title","has-post-date","has-post-category","has-post-tag","has-post-comment","has-post-author",""],"_links":{"self":[{"href":"https:\/\/daysocorp.com\/web\/wp-json\/wp\/v2\/pages\/776","targetHints":{"allow":["GET"]}}],"collection":[{"href":"https:\/\/daysocorp.com\/web\/wp-json\/wp\/v2\/pages"}],"about":[{"href":"https:\/\/daysocorp.com\/web\/wp-json\/wp\/v2\/types\/page"}],"author":[{"embeddable":true,"href":"https:\/\/daysocorp.com\/web\/wp-json\/wp\/v2\/users\/1"}],"replies":[{"embeddable":true,"href":"https:\/\/daysocorp.com\/web\/wp-json\/wp\/v2\/comments?post=776"}],"version-history":[{"count":0,"href":"https:\/\/daysocorp.com\/web\/wp-json\/wp\/v2\/pages\/776\/revisions"}],"wp:attachment":[{"href":"https:\/\/daysocorp.com\/web\/wp-json\/wp\/v2\/media?parent=776"}],"curies":[{"name":"wp","href":"https:\/\/api.w.org\/{rel}","templated":true}]}}